{"id":578,"date":"2025-08-21T02:03:13","date_gmt":"2025-08-21T02:03:13","guid":{"rendered":"https:\/\/www.maiaquesos.com\/?post_type=product&#038;p=578"},"modified":"2025-11-17T04:54:32","modified_gmt":"2025-11-17T04:54:32","slug":"rallado-parmesano-gruyere-hebra-200g","status":"publish","type":"product","link":"https:\/\/www.maiaquesos.com\/pt\/product-page\/rallado-parmesano-gruyere-hebra-200g","title":{"rendered":"Parmes\u00e3o Gruyere Ralado Grosso 200g"},"content":{"rendered":"<p class=\"sRKeelW oK_hHI7---typography-11-runningText oK_hHI7---priority-7-primary _HOcyB x4nptw sdk0ViP\" aria-hidden=\"false\" data-hook=\"info-section-title\"><strong>Apresenta\u00e7\u00e3o<\/strong><\/p>\n<div class=\"aecizt QfrfFD cell\">Apresenta\u00e7\u00e3o 200g.<\/div>\n<div class=\"rah-static rah-static--height-auto\" aria-hidden=\"false\">\n<div class=\"ulKuLk QfrfFD cell\">\n<div class=\"zp8uy2\" data-hook=\"info-section-description\">\n<p>Embalagem prim\u00e1ria Sacos Trilam e embalagens com atmosfera modificada<\/p>\n<p>Embalagem secund\u00e1ria Caixas de papel\u00e3o ondulado de 24 unidades = 4,8 kg.<\/p>\n<\/div>\n<\/div>\n<\/div>\n<p class=\"sRKeelW oK_hHI7---typography-11-runningText oK_hHI7---priority-7-primary _HOcyB x4nptw sdk0ViP\" aria-hidden=\"false\" data-hook=\"info-section-title\"><strong>Condi\u00e7\u00f5es de transporte e conserva\u00e7\u00e3o<\/strong><\/p>\n<div class=\"aecizt QfrfFD cell\">Manter refrigerado entre 4 e 7 \u00baC<\/div>\n<div class=\"rah-static rah-static--height-auto\" aria-hidden=\"false\">\n<div class=\"ulKuLk QfrfFD cell\">\n<div class=\"zp8uy2\" data-hook=\"info-section-description\">\n<p>Validade 60 dias<\/p>\n<\/div>\n<\/div>\n<\/div>","protected":false},"excerpt":{"rendered":"<p><span style=\"font-weight: 400;\">QUEIJO PARMES\u00e3O \u2013 TIPO GRUYERE Ralado Grosso MAIA Elaborado com os t\u00edpicos QUEIJOS PARMES\u00e3O E GRUYERE MAIA. Se caracteriza por ser semi gorduroso e um sabor intenso e delicado. <\/span><span style=\"font-weight: 400;\">picante, com notas salinas. Ideal para gratinado, polvilhe e real\u00e7ar pratos gourmet.<\/span><\/p>","protected":false},"featured_media":851,"comment_status":"open","ping_status":"closed","template":"","meta":{"pagelayer_contact_templates":[],"_pagelayer_content":""},"product_brand":[],"product_cat":[18,28],"product_tag":[],"class_list":{"0":"post-578","1":"product","2":"type-product","3":"status-publish","4":"has-post-thumbnail","6":"product_cat-uncategorized","7":"product_cat-quesos-rallados","9":"first","10":"instock","11":"shipping-taxable","12":"product-type-simple"},"_links":{"self":[{"href":"https:\/\/www.maiaquesos.com\/pt\/wp-json\/wp\/v2\/product\/578","targetHints":{"allow":["GET"]}}],"collection":[{"href":"https:\/\/www.maiaquesos.com\/pt\/wp-json\/wp\/v2\/product"}],"about":[{"href":"https:\/\/www.maiaquesos.com\/pt\/wp-json\/wp\/v2\/types\/product"}],"replies":[{"embeddable":true,"href":"https:\/\/www.maiaquesos.com\/pt\/wp-json\/wp\/v2\/comments?post=578"}],"wp:featuredmedia":[{"embeddable":true,"href":"https:\/\/www.maiaquesos.com\/pt\/wp-json\/wp\/v2\/media\/851"}],"wp:attachment":[{"href":"https:\/\/www.maiaquesos.com\/pt\/wp-json\/wp\/v2\/media?parent=578"}],"wp:term":[{"taxonomy":"product_brand","embeddable":true,"href":"https:\/\/www.maiaquesos.com\/pt\/wp-json\/wp\/v2\/product_brand?post=578"},{"taxonomy":"product_cat","embeddable":true,"href":"https:\/\/www.maiaquesos.com\/pt\/wp-json\/wp\/v2\/product_cat?post=578"},{"taxonomy":"product_tag","embeddable":true,"href":"https:\/\/www.maiaquesos.com\/pt\/wp-json\/wp\/v2\/product_tag?post=578"}],"curies":[{"name":"wp","href":"https:\/\/api.w.org\/{rel}","templated":true}]}}