{"id":562,"date":"2025-08-21T01:46:40","date_gmt":"2025-08-21T01:46:40","guid":{"rendered":"https:\/\/www.maiaquesos.com\/?post_type=product&#038;p=562"},"modified":"2025-09-08T00:00:53","modified_gmt":"2025-09-08T00:00:53","slug":"rallado-muzzarella-2-kg-hebra","status":"publish","type":"product","link":"https:\/\/www.maiaquesos.com\/pt\/product-page\/rallado-muzzarella-2-kg-hebra","title":{"rendered":"Mu\u00e7arela ralada grossa 2kg"},"content":{"rendered":"<div class=\"QfrfFD cell\">\n<section class=\"Jgs2b9\">\n<div class=\"WAZqE7 QfrfFD cell\">\n<section class=\"Va_ZoC\" data-hook=\"description-wrapper\">\n<div class=\"LvOu6J\">\n<div class=\"vaI0UH\" data-hook=\"content-wrapper\"><\/div>\n<\/div>\n<\/section>\n<\/div>\n<\/section>\n<section class=\"Jgs2b9\">\n<div class=\"QfrfFD cell\">\n<h1 class=\"OXQzmM\" data-hook=\"product-title\"><span style=\"font-size: 16px;\">Apresenta\u00e7\u00e3o<\/span><\/h1>\n<\/div>\n<div class=\"jqw1mt QfrfFD cell\">\n<div dir=\"ltr\">\n<div class=\"aecizt QfrfFD cell\">Apresenta\u00e7\u00e3o 2 kg. aprox.<\/div>\n<div class=\"rah-static rah-static--height-auto\" aria-hidden=\"false\">\n<div class=\"ulKuLk QfrfFD cell\">\n<div class=\"zp8uy2\" data-hook=\"info-section-description\">\n<p>Trilam transparente em atmosfera modificada.<\/p>\n<p>Embalagem secund\u00e1rio Caixas de papel\u00e3o ondulado de 24 unidades = 4,8 kg corrugado de 5 unidades<\/p>\n<p><strong>Condi\u00e7\u00f5es de transporte e conserva\u00e7\u00e3o<\/strong><\/p>\n<\/div>\n<\/div>\n<\/div>\n<div class=\"aecizt QfrfFD cell\">Manter refrigerado entre 4 e 7 \u00baC<\/div>\n<div class=\"rah-static rah-static--height-auto\" aria-hidden=\"false\">\n<div class=\"ulKuLk QfrfFD cell\">\n<div class=\"zp8uy2\" data-hook=\"info-section-description\">\n<p>Validade 30 dias<\/p>\n<\/div>\n<\/div>\n<\/div>\n<\/div>\n<\/div>\n<\/section>\n<\/div>","protected":false},"excerpt":{"rendered":"<section class=\"Jgs2b9\">\n<div class=\"WAZqE7 QfrfFD cell\">\n<section class=\"Va_ZoC\" data-hook=\"description-wrapper\">\n<div class=\"LvOu6J\">\n<div class=\"vaI0UH\" data-hook=\"content-wrapper\">\n<p>QUEIJO MU\u00c7ARELA RALADA MAIA Elaborado a partir do queijo Mu\u00e7arela Maia, se caracteriza por ser meio gorduroso e ter um sabor suave e l\u00e1cteo.<\/p>\n<\/div>\n<\/div>\n<\/section>\n<\/div>\n<\/section>","protected":false},"featured_media":847,"comment_status":"open","ping_status":"closed","template":"","meta":{"pagelayer_contact_templates":[],"_pagelayer_content":""},"product_brand":[],"product_cat":[18,27],"product_tag":[],"class_list":{"0":"post-562","1":"product","2":"type-product","3":"status-publish","4":"has-post-thumbnail","6":"product_cat-uncategorized","7":"product_cat-industriales","9":"first","10":"instock","11":"shipping-taxable","12":"product-type-simple"},"_links":{"self":[{"href":"https:\/\/www.maiaquesos.com\/pt\/wp-json\/wp\/v2\/product\/562","targetHints":{"allow":["GET"]}}],"collection":[{"href":"https:\/\/www.maiaquesos.com\/pt\/wp-json\/wp\/v2\/product"}],"about":[{"href":"https:\/\/www.maiaquesos.com\/pt\/wp-json\/wp\/v2\/types\/product"}],"replies":[{"embeddable":true,"href":"https:\/\/www.maiaquesos.com\/pt\/wp-json\/wp\/v2\/comments?post=562"}],"wp:featuredmedia":[{"embeddable":true,"href":"https:\/\/www.maiaquesos.com\/pt\/wp-json\/wp\/v2\/media\/847"}],"wp:attachment":[{"href":"https:\/\/www.maiaquesos.com\/pt\/wp-json\/wp\/v2\/media?parent=562"}],"wp:term":[{"taxonomy":"product_brand","embeddable":true,"href":"https:\/\/www.maiaquesos.com\/pt\/wp-json\/wp\/v2\/product_brand?post=562"},{"taxonomy":"product_cat","embeddable":true,"href":"https:\/\/www.maiaquesos.com\/pt\/wp-json\/wp\/v2\/product_cat?post=562"},{"taxonomy":"product_tag","embeddable":true,"href":"https:\/\/www.maiaquesos.com\/pt\/wp-json\/wp\/v2\/product_tag?post=562"}],"curies":[{"name":"wp","href":"https:\/\/api.w.org\/{rel}","templated":true}]}}