{"id":554,"date":"2025-08-21T00:06:08","date_gmt":"2025-08-21T00:06:08","guid":{"rendered":"https:\/\/www.maiaquesos.com\/?post_type=product&#038;p=554"},"modified":"2025-11-17T04:47:54","modified_gmt":"2025-11-17T04:47:54","slug":"rallado-muzzalone-hebra-200g","status":"publish","type":"product","link":"https:\/\/www.maiaquesos.com\/pt\/product-page\/rallado-muzzalone-hebra-200g","title":{"rendered":"Muzzalone Ralado Grosso 200g"},"content":{"rendered":"<p class=\"sRKeelW oK_hHI7---typography-11-runningText oK_hHI7---priority-7-primary _HOcyB x4nptw sdk0ViP\" aria-hidden=\"false\" data-hook=\"info-section-title\"><strong>Apresenta\u00e7\u00e3o<\/strong><\/p>\n<div class=\"aecizt QfrfFD cell\">Apresenta\u00e7\u00e3o 200g. Embalagem prim\u00e1ria Bolsas Trilam transparentes com atmosfera modificada<\/div>\n<div class=\"rah-static rah-static--height-auto\" aria-hidden=\"false\">\n<div class=\"ulKuLk QfrfFD cell\">\n<div class=\"zp8uy2\" data-hook=\"info-section-description\">\n<p>Embalagem secund\u00e1ria Caixas de papel\u00e3o ondulado de 24 unidades = 4,8 kg.<\/p>\n<\/div>\n<\/div>\n<\/div>\n<p class=\"sRKeelW oK_hHI7---typography-11-runningText oK_hHI7---priority-7-primary _HOcyB x4nptw sdk0ViP\" aria-hidden=\"false\" data-hook=\"info-section-title\"><strong>Condi\u00e7\u00f5es de transporte e conserva\u00e7\u00e3o<\/strong><\/p>\n<div class=\"aecizt QfrfFD cell\">Manter refrigerado entre 4 e 7 \u00baC<\/div>\n<div class=\"rah-static rah-static--height-auto\" aria-hidden=\"false\">\n<div class=\"ulKuLk QfrfFD cell\">\n<div class=\"zp8uy2\" data-hook=\"info-section-description\">\n<p>Validade 60 dias<\/p>\n<\/div>\n<\/div>\n<\/div>","protected":false},"excerpt":{"rendered":"<p>MUZZALONE RALADO GROSSO Mistura artesanal dos queijos Mu\u00e7arela e Provolone Maia.<\/p>\n<p>APLICA\u00c7\u00f5ES CULIN\u00c1RIAS<\/p>\n<p>Esta deliciosa mistura de queijos Maia, logra un producto ideal para platos calientes en rellenos, como acompa\u00f1ante o aperitivo.<\/p>\n<p>Sugest\u00f5es: croquetes, tortilhas, lasanhas, massas, past\u00e9is, pizzas e pratos gratinados formando capa crocante de muzzalone incompar\u00e1vel a vista e ao paladar.<\/p>","protected":false},"featured_media":1102,"comment_status":"open","ping_status":"closed","template":"","meta":{"pagelayer_contact_templates":[],"_pagelayer_content":""},"product_brand":[],"product_cat":[28],"product_tag":[],"class_list":{"0":"post-554","1":"product","2":"type-product","3":"status-publish","4":"has-post-thumbnail","6":"product_cat-quesos-rallados","8":"first","9":"instock","10":"shipping-taxable","11":"product-type-simple"},"_links":{"self":[{"href":"https:\/\/www.maiaquesos.com\/pt\/wp-json\/wp\/v2\/product\/554","targetHints":{"allow":["GET"]}}],"collection":[{"href":"https:\/\/www.maiaquesos.com\/pt\/wp-json\/wp\/v2\/product"}],"about":[{"href":"https:\/\/www.maiaquesos.com\/pt\/wp-json\/wp\/v2\/types\/product"}],"replies":[{"embeddable":true,"href":"https:\/\/www.maiaquesos.com\/pt\/wp-json\/wp\/v2\/comments?post=554"}],"wp:featuredmedia":[{"embeddable":true,"href":"https:\/\/www.maiaquesos.com\/pt\/wp-json\/wp\/v2\/media\/1102"}],"wp:attachment":[{"href":"https:\/\/www.maiaquesos.com\/pt\/wp-json\/wp\/v2\/media?parent=554"}],"wp:term":[{"taxonomy":"product_brand","embeddable":true,"href":"https:\/\/www.maiaquesos.com\/pt\/wp-json\/wp\/v2\/product_brand?post=554"},{"taxonomy":"product_cat","embeddable":true,"href":"https:\/\/www.maiaquesos.com\/pt\/wp-json\/wp\/v2\/product_cat?post=554"},{"taxonomy":"product_tag","embeddable":true,"href":"https:\/\/www.maiaquesos.com\/pt\/wp-json\/wp\/v2\/product_tag?post=554"}],"curies":[{"name":"wp","href":"https:\/\/api.w.org\/{rel}","templated":true}]}}