{"id":528,"date":"2025-08-19T19:55:54","date_gmt":"2025-08-19T19:55:54","guid":{"rendered":"https:\/\/www.maiaquesos.com\/?post_type=product&#038;p=528"},"modified":"2025-11-19T21:59:34","modified_gmt":"2025-11-19T21:59:34","slug":"queso-provolone-barra","status":"publish","type":"product","link":"https:\/\/www.maiaquesos.com\/pt\/product-page\/queso-provolone-barra","title":{"rendered":"Queijo Provolone forma cilindrica"},"content":{"rendered":"<p class=\"sqGkiQr o__5g37oh---typography-11-runningText o__5g37oh---priority-7-primary _HOcyB x4nptw sxbtulv\" aria-hidden=\"false\" data-hook=\"info-section-title\"><strong>Apresenta\u00e7\u00e3o<\/strong><\/p>\n<p class=\"aecizt QfrfFD cell\">Embalagem em formas cilindricas de 3Kg. Aprox.<\/p>\n<div class=\"rah-static rah-static--height-auto\" aria-hidden=\"false\">\n<div class=\"ulKuLk QfrfFD cell\">\n<div class=\"zp8uy2\" data-hook=\"info-section-description\">\n<p>Primeira embalagem a v\u00e1cuo em bolsas termo-constritoras.<\/p>\n<p>Embalagem secund\u00e1ria em caixa de papel\u00e3o para 4 unidades - Medidas da caixa (450 x 280 x 180 mm)<\/p>\n<\/div>\n<\/div>\n<\/div>\n<p class=\"sqGkiQr o__5g37oh---typography-11-runningText o__5g37oh---priority-7-primary _HOcyB x4nptw sxbtulv\" aria-hidden=\"false\" data-hook=\"info-section-title\"><strong>Condi\u00e7\u00f5es de transporte e conserva\u00e7\u00e3o<\/strong><\/p>\n<div class=\"aecizt QfrfFD cell\">Manter refrigerado entre 4 e 7\u00baC<\/div>\n<div class=\"rah-static rah-static--height-auto\" aria-hidden=\"false\">\n<div class=\"ulKuLk QfrfFD cell\">\n<div class=\"zp8uy2\" data-hook=\"info-section-description\">\n<p>Validade 180 dias.<\/p>\n<\/div>\n<\/div>\n<\/div>","protected":false},"excerpt":{"rendered":"<p><span style=\"font-weight: 400;\">Queijo Provolone Maia Apresenta textura compacta, laminada, de massa semi-dura, colora\u00e7\u00e3o branco amarealado, salgado, levemente picante, de f\u00e1cil fundi\u00e7\u00e3o. Sabor tende a se intensificar \u00e0 medida que amadurece. Apecto interior-exterior: Casca regular bem definida.<\/span><span style=\"font-weight: 400;\"><br \/>\n<\/span><\/p>","protected":false},"featured_media":838,"comment_status":"open","ping_status":"closed","template":"","meta":{"pagelayer_contact_templates":[],"_pagelayer_content":""},"product_brand":[],"product_cat":[18,30],"product_tag":[],"class_list":{"0":"post-528","1":"product","2":"type-product","3":"status-publish","4":"has-post-thumbnail","6":"product_cat-uncategorized","7":"product_cat-quesos-de-pasta-semi-dura","9":"first","10":"instock","11":"shipping-taxable","12":"product-type-simple"},"_links":{"self":[{"href":"https:\/\/www.maiaquesos.com\/pt\/wp-json\/wp\/v2\/product\/528","targetHints":{"allow":["GET"]}}],"collection":[{"href":"https:\/\/www.maiaquesos.com\/pt\/wp-json\/wp\/v2\/product"}],"about":[{"href":"https:\/\/www.maiaquesos.com\/pt\/wp-json\/wp\/v2\/types\/product"}],"replies":[{"embeddable":true,"href":"https:\/\/www.maiaquesos.com\/pt\/wp-json\/wp\/v2\/comments?post=528"}],"wp:featuredmedia":[{"embeddable":true,"href":"https:\/\/www.maiaquesos.com\/pt\/wp-json\/wp\/v2\/media\/838"}],"wp:attachment":[{"href":"https:\/\/www.maiaquesos.com\/pt\/wp-json\/wp\/v2\/media?parent=528"}],"wp:term":[{"taxonomy":"product_brand","embeddable":true,"href":"https:\/\/www.maiaquesos.com\/pt\/wp-json\/wp\/v2\/product_brand?post=528"},{"taxonomy":"product_cat","embeddable":true,"href":"https:\/\/www.maiaquesos.com\/pt\/wp-json\/wp\/v2\/product_cat?post=528"},{"taxonomy":"product_tag","embeddable":true,"href":"https:\/\/www.maiaquesos.com\/pt\/wp-json\/wp\/v2\/product_tag?post=528"}],"curies":[{"name":"wp","href":"https:\/\/api.w.org\/{rel}","templated":true}]}}