{"id":500,"date":"2025-08-20T21:46:24","date_gmt":"2025-08-20T21:46:24","guid":{"rendered":"https:\/\/www.maiaquesos.com\/?post_type=product&#038;p=500"},"modified":"2025-11-19T22:04:03","modified_gmt":"2025-11-19T22:04:03","slug":"queso-magro-barra","status":"publish","type":"product","link":"https:\/\/www.maiaquesos.com\/pt\/product-page\/queso-magro-barra","title":{"rendered":"Queijo Magro em barra"},"content":{"rendered":"<p><strong>Apresenta\u00e7\u00e3o<\/strong><\/p>\n<p>Em barras de 3,5 Kg aprox.<\/p>\n<p>Primeira embalagem a v\u00e1cuo em bolsas termo-constritoras.<\/p>\n<p>Embalagem secund\u00e1ria em caixa de papel\u00e3o para 6 unidades - Medidas da caixa (450 x 280 x 180 mm)<\/p>\n<p class=\"suDFwqW ogFb3AX---typography-11-runningText ogFb3AX---priority-7-primary _HOcyB x4nptw sxbtulv\" aria-hidden=\"false\" data-hook=\"info-section-title\"><strong>Condi\u00e7\u00f5es de transporte e conserva\u00e7\u00e3o<\/strong><\/p>\n<div class=\"aecizt QfrfFD cell\">Manter refrigerado entre 4 e 7 \u00baC<\/div>\n<div class=\"rah-static rah-static--height-auto\" aria-hidden=\"false\">\n<div class=\"ulKuLk QfrfFD cell\">\n<div class=\"zp8uy2\" data-hook=\"info-section-description\">\n<p>Validade 120 dias<\/p>\n<\/div>\n<\/div>\n<\/div>\n<p>&nbsp;<\/p>","protected":false},"excerpt":{"rendered":"<section class=\"Jgs2b9\">\n<div class=\"WAZqE7 QfrfFD cell\">\n<section class=\"Va_ZoC\" data-hook=\"description-wrapper\">\n<div class=\"LvOu6J\">\n<div class=\"vaI0UH\" data-hook=\"content-wrapper\">\n<p>QUEIJO MAGRO MAIA Produto de massa semi-dura, magra, elaborado com leite parcialmente desnatado. De textura leve e suave ao paladar. Sabor fresco. Casca regular e suave.<\/p>\n<\/div>\n<\/div>\n<\/section>\n<\/div>\n<div class=\"QfrfFD cell\">\n<div id=\"TPAMultiSection_if7v1fa1.product-page-details-4\" class=\"\" data-hook=\"slot-placeholder-TPAMultiSection_if7v1fa1.product-page-details-4\"><\/div>\n<\/div>\n<\/section>\n<section class=\"Jgs2b9\">\n<div class=\"QfrfFD cell\"><\/div>\n<\/section>","protected":false},"featured_media":828,"comment_status":"open","ping_status":"closed","template":"","meta":{"pagelayer_contact_templates":[],"_pagelayer_content":""},"product_brand":[],"product_cat":[18,30],"product_tag":[],"class_list":{"0":"post-500","1":"product","2":"type-product","3":"status-publish","4":"has-post-thumbnail","6":"product_cat-uncategorized","7":"product_cat-quesos-de-pasta-semi-dura","9":"first","10":"instock","11":"shipping-taxable","12":"product-type-simple"},"_links":{"self":[{"href":"https:\/\/www.maiaquesos.com\/pt\/wp-json\/wp\/v2\/product\/500","targetHints":{"allow":["GET"]}}],"collection":[{"href":"https:\/\/www.maiaquesos.com\/pt\/wp-json\/wp\/v2\/product"}],"about":[{"href":"https:\/\/www.maiaquesos.com\/pt\/wp-json\/wp\/v2\/types\/product"}],"replies":[{"embeddable":true,"href":"https:\/\/www.maiaquesos.com\/pt\/wp-json\/wp\/v2\/comments?post=500"}],"wp:featuredmedia":[{"embeddable":true,"href":"https:\/\/www.maiaquesos.com\/pt\/wp-json\/wp\/v2\/media\/828"}],"wp:attachment":[{"href":"https:\/\/www.maiaquesos.com\/pt\/wp-json\/wp\/v2\/media?parent=500"}],"wp:term":[{"taxonomy":"product_brand","embeddable":true,"href":"https:\/\/www.maiaquesos.com\/pt\/wp-json\/wp\/v2\/product_brand?post=500"},{"taxonomy":"product_cat","embeddable":true,"href":"https:\/\/www.maiaquesos.com\/pt\/wp-json\/wp\/v2\/product_cat?post=500"},{"taxonomy":"product_tag","embeddable":true,"href":"https:\/\/www.maiaquesos.com\/pt\/wp-json\/wp\/v2\/product_tag?post=500"}],"curies":[{"name":"wp","href":"https:\/\/api.w.org\/{rel}","templated":true}]}}