{"id":481,"date":"2025-08-20T21:44:34","date_gmt":"2025-08-20T21:44:34","guid":{"rendered":"https:\/\/www.maiaquesos.com\/?post_type=product&#038;p=481"},"modified":"2025-11-19T22:05:06","modified_gmt":"2025-11-19T22:05:06","slug":"queso-gruyere-barra","status":"publish","type":"product","link":"https:\/\/www.maiaquesos.com\/pt\/product-page\/queso-gruyere-barra","title":{"rendered":"Queijo cora\u00e7\u00e3o de Gruyere barra"},"content":{"rendered":"<p><strong>Apresenta\u00e7\u00e3o<\/strong><\/p>\n<p>As formas s\u00e3o cortadas em barras de 1,5 Kg aprox.<\/p>\n<p>Medida (21 x 10 x 10 cm aprox.)<\/p>\n<p>Embalagem prim\u00e1ria em atmosfera modificada<\/p>\n<p>Embalagem secund\u00e1ria Caixa de papel\u00e3o ondulado para 4 unidades - Dimens\u00f5es da caixa (450 x 280 x 180 mm)<\/p>\n<p class=\"saJ4ED_ obs0gK6---typography-11-runningText obs0gK6---priority-7-primary _HOcyB x4nptw sxbtulv\" aria-hidden=\"false\" data-hook=\"info-section-title\"><strong>Condi\u00e7\u00f5es de transporte e conserva\u00e7\u00e3o<\/strong><\/p>\n<div class=\"aecizt QfrfFD cell\">Manter refrigerado entre 4\u00baC e 7\u00baC<\/div>\n<div class=\"rah-static rah-static--height-auto\" aria-hidden=\"false\">\n<div class=\"ulKuLk QfrfFD cell\">\n<div class=\"zp8uy2\" data-hook=\"info-section-description\">\n<p>Validade 60 dias, ap\u00f3s ser fatiado.<\/p>\n<\/div>\n<\/div>\n<\/div>","protected":false},"excerpt":{"rendered":"<section class=\"Jgs2b9\">\n<div class=\"WAZqE7 QfrfFD cell\">\n<section class=\"Va_ZoC\" data-hook=\"description-wrapper\">\n<div class=\"LvOu6J\">\n<div class=\"vaI0UH\" data-hook=\"content-wrapper\">\n<p>Queijo tipo Gruyere Maia de textura compacta, firma e elastica. Massa semi-dura, suave ao paladar, elaborado com leite parcialmente desnatada. Sabor tipico, suave, limpo, doce, bem desenvolvido e caracterizado por uma moderada a\u00e7\u00e3o propi\u00f3nica, chegando a ser picante quando maduro. Aspecto interior: casca regular bem definida. Massa abierta de colora\u00e7\u00e3o natural, olhaduras uniformemente distribu\u00eddas, regulares, lisas e brilhantes.<\/p>\n<\/div>\n<\/div>\n<\/section>\n<\/div>\n<div class=\"QfrfFD cell\">\n<div id=\"TPAMultiSection_if7v1fa1.product-page-details-4\" class=\"\" data-hook=\"slot-placeholder-TPAMultiSection_if7v1fa1.product-page-details-4\"><\/div>\n<\/div>\n<\/section>\n<section class=\"Jgs2b9\">\n<div class=\"QfrfFD cell\"><\/div>\n<\/section>","protected":false},"featured_media":1096,"comment_status":"open","ping_status":"closed","template":"","meta":{"pagelayer_contact_templates":[],"_pagelayer_content":""},"product_brand":[],"product_cat":[18,30],"product_tag":[],"class_list":{"0":"post-481","1":"product","2":"type-product","3":"status-publish","4":"has-post-thumbnail","6":"product_cat-uncategorized","7":"product_cat-quesos-de-pasta-semi-dura","9":"first","10":"instock","11":"shipping-taxable","12":"product-type-simple"},"_links":{"self":[{"href":"https:\/\/www.maiaquesos.com\/pt\/wp-json\/wp\/v2\/product\/481","targetHints":{"allow":["GET"]}}],"collection":[{"href":"https:\/\/www.maiaquesos.com\/pt\/wp-json\/wp\/v2\/product"}],"about":[{"href":"https:\/\/www.maiaquesos.com\/pt\/wp-json\/wp\/v2\/types\/product"}],"replies":[{"embeddable":true,"href":"https:\/\/www.maiaquesos.com\/pt\/wp-json\/wp\/v2\/comments?post=481"}],"wp:featuredmedia":[{"embeddable":true,"href":"https:\/\/www.maiaquesos.com\/pt\/wp-json\/wp\/v2\/media\/1096"}],"wp:attachment":[{"href":"https:\/\/www.maiaquesos.com\/pt\/wp-json\/wp\/v2\/media?parent=481"}],"wp:term":[{"taxonomy":"product_brand","embeddable":true,"href":"https:\/\/www.maiaquesos.com\/pt\/wp-json\/wp\/v2\/product_brand?post=481"},{"taxonomy":"product_cat","embeddable":true,"href":"https:\/\/www.maiaquesos.com\/pt\/wp-json\/wp\/v2\/product_cat?post=481"},{"taxonomy":"product_tag","embeddable":true,"href":"https:\/\/www.maiaquesos.com\/pt\/wp-json\/wp\/v2\/product_tag?post=481"}],"curies":[{"name":"wp","href":"https:\/\/api.w.org\/{rel}","templated":true}]}}