{"id":463,"date":"2025-08-19T19:52:45","date_gmt":"2025-08-19T19:52:45","guid":{"rendered":"https:\/\/www.maiaquesos.com\/?post_type=product&#038;p=463"},"modified":"2025-11-19T22:00:09","modified_gmt":"2025-11-19T22:00:09","slug":"queso-colonia-horma","status":"publish","type":"product","link":"https:\/\/www.maiaquesos.com\/pt\/product-page\/queso-colonia-horma","title":{"rendered":"Queijo Col\u00f4nia Horma"},"content":{"rendered":"<p class=\"saJ4ED_ obs0gK6---typography-11-runningText obs0gK6---priority-7-primary _HOcyB x4nptw sxbtulv\" aria-hidden=\"false\" data-hook=\"info-section-title\"><strong>Apresenta\u00e7\u00e3o<\/strong><\/p>\n<div class=\"aecizt QfrfFD cell\">Em forma cil\u00edndrica dura aproximadamente 7 a 9 kg.<\/div>\n<div class=\"rah-static rah-static--height-auto\" aria-hidden=\"false\">\n<div class=\"ulKuLk QfrfFD cell\">\n<div class=\"zp8uy2\" data-hook=\"info-section-description\">\n<p>Venda: Em caixa de cart\u00e3o canelado para 1 unidade.<\/p>\n<\/div>\n<\/div>\n<\/div>\n<p class=\"saJ4ED_ obs0gK6---typography-11-runningText obs0gK6---priority-7-primary _HOcyB x4nptw sxbtulv\" aria-hidden=\"false\" data-hook=\"info-section-title\"><strong>Condi\u00e7\u00f5es de transporte e conserva\u00e7\u00e3o<\/strong><\/p>\n<div class=\"aecizt QfrfFD cell\">Conservar refrigerado entre 4\u00ba - 7\u00baC<\/div>\n<div class=\"rah-static rah-static--height-auto\" aria-hidden=\"false\">\n<div class=\"ulKuLk QfrfFD cell\">\n<div class=\"zp8uy2\" data-hook=\"info-section-description\">\n<p>Prazo de validade: 240 dias<\/p>\n<\/div>\n<\/div>\n<\/div>","protected":false},"excerpt":{"rendered":"<section class=\"Jgs2b9\">\n<div class=\"WAZqE7 QfrfFD cell\">\n<section class=\"Va_ZoC\" data-hook=\"description-wrapper\">\n<div class=\"LvOu6J\">\n<div class=\"vaI0UH\" data-hook=\"content-wrapper\">\n<p>QUEIJO COL\u00d4NIA MAIA. Massa semidura de consist\u00eancia algo el\u00e1stica e cor amarelada, sabor e aroma suaves, textura uniforme e macia com olhos grandes que a caracterizam e se distribuem uniformemente.<\/p>\n<\/div>\n<\/div>\n<\/section>\n<\/div>\n<div class=\"QfrfFD cell\">\n<div id=\"TPAMultiSection_if7v1fa1.product-page-details-4\" class=\"\" data-hook=\"slot-placeholder-TPAMultiSection_if7v1fa1.product-page-details-4\"><\/div>\n<\/div>\n<\/section>\n<section class=\"Jgs2b9\">\n<div class=\"QfrfFD cell\"><\/div>\n<\/section>","protected":false},"featured_media":1090,"comment_status":"open","ping_status":"closed","template":"","meta":{"pagelayer_contact_templates":[],"_pagelayer_content":""},"product_brand":[],"product_cat":[18,30],"product_tag":[],"class_list":{"0":"post-463","1":"product","2":"type-product","3":"status-publish","4":"has-post-thumbnail","6":"product_cat-uncategorized","7":"product_cat-quesos-de-pasta-semi-dura","9":"first","10":"instock","11":"shipping-taxable","12":"product-type-simple"},"_links":{"self":[{"href":"https:\/\/www.maiaquesos.com\/pt\/wp-json\/wp\/v2\/product\/463","targetHints":{"allow":["GET"]}}],"collection":[{"href":"https:\/\/www.maiaquesos.com\/pt\/wp-json\/wp\/v2\/product"}],"about":[{"href":"https:\/\/www.maiaquesos.com\/pt\/wp-json\/wp\/v2\/types\/product"}],"replies":[{"embeddable":true,"href":"https:\/\/www.maiaquesos.com\/pt\/wp-json\/wp\/v2\/comments?post=463"}],"wp:featuredmedia":[{"embeddable":true,"href":"https:\/\/www.maiaquesos.com\/pt\/wp-json\/wp\/v2\/media\/1090"}],"wp:attachment":[{"href":"https:\/\/www.maiaquesos.com\/pt\/wp-json\/wp\/v2\/media?parent=463"}],"wp:term":[{"taxonomy":"product_brand","embeddable":true,"href":"https:\/\/www.maiaquesos.com\/pt\/wp-json\/wp\/v2\/product_brand?post=463"},{"taxonomy":"product_cat","embeddable":true,"href":"https:\/\/www.maiaquesos.com\/pt\/wp-json\/wp\/v2\/product_cat?post=463"},{"taxonomy":"product_tag","embeddable":true,"href":"https:\/\/www.maiaquesos.com\/pt\/wp-json\/wp\/v2\/product_tag?post=463"}],"curies":[{"name":"wp","href":"https:\/\/api.w.org\/{rel}","templated":true}]}}