{"id":409,"date":"2025-08-19T19:19:55","date_gmt":"2025-08-19T19:19:55","guid":{"rendered":"https:\/\/www.maiaquesos.com\/?post_type=product&#038;p=409"},"modified":"2025-11-19T21:42:26","modified_gmt":"2025-11-19T21:42:26","slug":"camembert-125g","status":"publish","type":"product","link":"https:\/\/www.maiaquesos.com\/pt\/product-page\/camembert-125g","title":{"rendered":"Queijo camembert 125g"},"content":{"rendered":"<p><strong>Apresenta\u00e7\u00e3o:<\/strong><\/p>\n<p>Formas cil\u00edndricas planas de 125g.<\/p>\n<p>Embalagem prim\u00e1ria papel branco 20 MICRO\/ KRAFT. (Polipropileno microperfurado).<\/p>\n<p>Embalagem secund\u00e1ria, estojo de papel\u00e3o individual, se comercializa em caixa de papel\u00e3o para 24 unidades.<\/p>\n<p>Medidas da caixa (370 x 260 x 110 mm).<\/p>\n<p class=\"suDFwqW ogFb3AX---typography-11-runningText ogFb3AX---priority-7-primary _HOcyB x4nptw sxbtulv\" aria-hidden=\"false\" data-hook=\"info-section-title\"><strong>Condi\u00e7\u00f5es de transporte e conserva\u00e7\u00e3o<\/strong><\/p>\n<p>Manter refrigerado entre 4 e 7\u00baC<\/p>\n<p>Validade 60 dias<\/p>","protected":false},"excerpt":{"rendered":"<p>&nbsp;<\/p>\n<p>Feito com leite integral, de massa mole, textura suave ao paladar, aroma intenso e delicado com um sabor caracter\u00edstico com tend\u00eancia a ficar acentuado durante o amadurecimento.<\/p>\n<p>Aspecto exterior: coberto com mofo branco caracter\u00edstico.<\/p>","protected":false},"featured_media":586,"comment_status":"open","ping_status":"closed","template":"","meta":{"pagelayer_contact_templates":[],"_pagelayer_content":""},"product_brand":[],"product_cat":[18,31],"product_tag":[],"class_list":{"0":"post-409","1":"product","2":"type-product","3":"status-publish","4":"has-post-thumbnail","6":"product_cat-uncategorized","7":"product_cat-quesos-de-pasta-blanda","9":"first","10":"instock","11":"shipping-taxable","12":"product-type-simple"},"_links":{"self":[{"href":"https:\/\/www.maiaquesos.com\/pt\/wp-json\/wp\/v2\/product\/409","targetHints":{"allow":["GET"]}}],"collection":[{"href":"https:\/\/www.maiaquesos.com\/pt\/wp-json\/wp\/v2\/product"}],"about":[{"href":"https:\/\/www.maiaquesos.com\/pt\/wp-json\/wp\/v2\/types\/product"}],"replies":[{"embeddable":true,"href":"https:\/\/www.maiaquesos.com\/pt\/wp-json\/wp\/v2\/comments?post=409"}],"wp:featuredmedia":[{"embeddable":true,"href":"https:\/\/www.maiaquesos.com\/pt\/wp-json\/wp\/v2\/media\/586"}],"wp:attachment":[{"href":"https:\/\/www.maiaquesos.com\/pt\/wp-json\/wp\/v2\/media?parent=409"}],"wp:term":[{"taxonomy":"product_brand","embeddable":true,"href":"https:\/\/www.maiaquesos.com\/pt\/wp-json\/wp\/v2\/product_brand?post=409"},{"taxonomy":"product_cat","embeddable":true,"href":"https:\/\/www.maiaquesos.com\/pt\/wp-json\/wp\/v2\/product_cat?post=409"},{"taxonomy":"product_tag","embeddable":true,"href":"https:\/\/www.maiaquesos.com\/pt\/wp-json\/wp\/v2\/product_tag?post=409"}],"curies":[{"name":"wp","href":"https:\/\/api.w.org\/{rel}","templated":true}]}}